{"id":9,"date":"2019-07-29T13:07:25","date_gmt":"2019-07-29T11:07:25","guid":{"rendered":"http:\/\/bruno-foucart.com\/?page_id=9"},"modified":"2019-08-06T18:31:45","modified_gmt":"2019-08-06T16:31:45","slug":"videos","status":"publish","type":"page","link":"https:\/\/bruno-foucart.com\/index.php\/videos\/","title":{"rendered":"Vid\u00e9os"},"content":{"rendered":"<p>[vc_row][vc_column width=\u00a0\u00bb1\/6&Prime;][\/vc_column][vc_column width=\u00a0\u00bb2\/3&Prime;][vc_column_text]<\/p>\n<p style=\"text-align: center;\">CONSTANTY, Francois nous a autoris\u00e9 \u00e0 publier quelques vid\u00e9os qu&rsquo;il a pu r\u00e9aliser concernant l&rsquo;Energie Cristalline.<\/p>\n<p>[\/vc_column_text][prkwp_spacer][vc_video link=\u00a0\u00bbhttps:\/\/youtu.be\/MbdZnrKBiWc\u00a0\u00bb title=\u00a0\u00bbComment recevoir l&rsquo;\u00e9nergie cristalline ?\u00a0\u00bb][prkwp_spacer][vc_video link=\u00a0\u00bbhttps:\/\/youtu.be\/mYyON5feg4Q\u00a0\u00bb title=\u00a0\u00bbL&rsquo; \u00e9nergie cristalline, une \u00e9nergie libre !\u00a0\u00bb][prkwp_spacer][vc_video link=\u00a0\u00bbhttps:\/\/youtu.be\/ykORFgu-FGw\u00a0\u00bb title=\u00a0\u00bbTrois moyens de recevoir l &lsquo;\u00e9nergie cristalline\u00a0\u00bb][prkwp_spacer][vc_column_text]<\/p>\n<p style=\"text-align: center;\"><strong>TISTRYA<\/strong><br \/>\nAjout\u00e9e le 30\/06\/2019<br \/>\nNassim Haramein, Physicien : L&rsquo;intelligence de l&rsquo;univers<\/p>\n<p>[\/vc_column_text][prkwp_spacer][vc_video link=\u00a0\u00bbhttps:\/\/youtu.be\/qN1ZaFtIBuI\u00a0\u00bb title=\u00a0\u00bbTrois moyens de recevoir l &lsquo;\u00e9nergie cristalline\u00a0\u00bb][prkwp_spacer][vc_column_text]<\/p>\n<p style=\"text-align: center;\"><strong>TISTRYA<\/strong><br \/>\nAjout\u00e9e le 07\/03\/2019<br \/>\nBernard Werber, Ecrivain : Observer sa r\u00e9alit\u00e9<\/p>\n<p>[\/vc_column_text][prkwp_spacer][vc_video link=\u00a0\u00bbhttps:\/\/youtu.be\/ngirvbz_YqY\u00a0\u00bb title=\u00a0\u00bbTrois moyens de recevoir l &lsquo;\u00e9nergie cristalline\u00a0\u00bb][prkwp_spacer][\/vc_column][vc_column width=\u00a0\u00bb1\/6&Prime;][\/vc_column][\/vc_row]<\/p>\n","protected":false},"excerpt":{"rendered":"<p>[vc_row][vc_column width=\u00a0\u00bb1\/6&Prime;][\/vc_column][vc_column width=\u00a0\u00bb2\/3&Prime;][vc_column_text] CONSTANTY, Francois nous a autoris\u00e9 \u00e0 publier quelques vid\u00e9os qu&rsquo;il a pu r\u00e9aliser concernant l&rsquo;Energie Cristalline. [\/vc_column_text][prkwp_spacer][vc_video link=\u00a0\u00bbhttps:\/\/youtu.be\/MbdZnrKBiWc\u00a0\u00bb title=\u00a0\u00bbComment recevoir l&rsquo;\u00e9nergie cristalline ?\u00a0\u00bb][prkwp_spacer][vc_video link=\u00a0\u00bbhttps:\/\/youtu.be\/mYyON5feg4Q\u00a0\u00bb title=\u00a0\u00bbL&rsquo; \u00e9nergie cristalline, une \u00e9nergie libre !\u00a0\u00bb][prkwp_spacer][vc_video link=\u00a0\u00bbhttps:\/\/youtu.be\/ykORFgu-FGw\u00a0\u00bb title=\u00a0\u00bbTrois moyens de recevoir l &lsquo;\u00e9nergie cristalline\u00a0\u00bb][prkwp_spacer][vc_column_text] TISTRYA Ajout\u00e9e le 30\/06\/2019 Nassim Haramein, Physicien : L&rsquo;intelligence de l&rsquo;univers [\/vc_column_text][prkwp_spacer][vc_video link=\u00a0\u00bbhttps:\/\/youtu.be\/qN1ZaFtIBuI\u00a0\u00bb&hellip; <a class=\"more-link\" href=\"https:\/\/bruno-foucart.com\/index.php\/videos\/\">Poursuivre la lecture <span class=\"screen-reader-text\">Vid\u00e9os<\/span><\/a><\/p>\n","protected":false},"author":1,"featured_media":0,"parent":0,"menu_order":0,"comment_status":"closed","ping_status":"closed","template":"","meta":{"footnotes":""},"class_list":["post-9","page","type-page","status-publish","hentry","entry"],"_links":{"self":[{"href":"https:\/\/bruno-foucart.com\/index.php\/wp-json\/wp\/v2\/pages\/9","targetHints":{"allow":["GET"]}}],"collection":[{"href":"https:\/\/bruno-foucart.com\/index.php\/wp-json\/wp\/v2\/pages"}],"about":[{"href":"https:\/\/bruno-foucart.com\/index.php\/wp-json\/wp\/v2\/types\/page"}],"author":[{"embeddable":true,"href":"https:\/\/bruno-foucart.com\/index.php\/wp-json\/wp\/v2\/users\/1"}],"replies":[{"embeddable":true,"href":"https:\/\/bruno-foucart.com\/index.php\/wp-json\/wp\/v2\/comments?post=9"}],"version-history":[{"count":8,"href":"https:\/\/bruno-foucart.com\/index.php\/wp-json\/wp\/v2\/pages\/9\/revisions"}],"predecessor-version":[{"id":81,"href":"https:\/\/bruno-foucart.com\/index.php\/wp-json\/wp\/v2\/pages\/9\/revisions\/81"}],"wp:attachment":[{"href":"https:\/\/bruno-foucart.com\/index.php\/wp-json\/wp\/v2\/media?parent=9"}],"curies":[{"name":"wp","href":"https:\/\/api.w.org\/{rel}","templated":true}]}}