{"id":5,"date":"2019-07-29T13:06:58","date_gmt":"2019-07-29T11:06:58","guid":{"rendered":"http:\/\/bruno-foucart.com\/?page_id=5"},"modified":"2019-07-29T16:09:21","modified_gmt":"2019-07-29T14:09:21","slug":"qui-suis-je","status":"publish","type":"page","link":"https:\/\/bruno-foucart.com\/index.php\/qui-suis-je\/","title":{"rendered":"Qui suis-je ?"},"content":{"rendered":"<p>[vc_row][vc_column][prkwp_spacer size=\u00a0\u00bb20&Prime;][\/vc_column][\/vc_row][vc_row][vc_column width=\u00a0\u00bb1\/6&Prime;][\/vc_column][vc_column width=\u00a0\u00bb2\/3&Prime;][vc_single_image image=\u00a0\u00bb50&Prime; img_size=\u00a0\u00bbfull\u00a0\u00bb alignment=\u00a0\u00bbcenter\u00a0\u00bb][\/vc_column][vc_column width=\u00a0\u00bb1\/6&Prime;][\/vc_column][\/vc_row][vc_row][vc_column][prkwp_spacer size=\u00a0\u00bb20&Prime;][\/vc_column][\/vc_row][vc_row][vc_column width=\u00a0\u00bb1\/6&Prime;][\/vc_column][vc_column width=\u00a0\u00bb2\/3&Prime;][vc_column_text]Je suis \u00e0 la retraite aujourd&rsquo;hui et heureux de l&rsquo;\u00eatre !<\/p>\n<p>Cela fait aussi plus de 45 ans que j&rsquo;ai d\u00e9couvert, \u00e0 l&rsquo;appui de nombreux tests et de quelques exp\u00e9riences sur le terrain, que j&rsquo;avais quelques aptitudes ou facult\u00e9s r\u00e9elles en mati\u00e8re de \u00ab\u00a0magn\u00e9tisme\u00a0\u00bb !<\/p>\n<p>Jeune adulte, j&rsquo;ai eu alors besoin de me confier tout en m&rsquo;interrogeant sur le \u00ab\u00a0Quoi faire de tout cela ? \u00a0\u00bb : et n&rsquo;ai re\u00e7u comme r\u00e9ponse que cette phrase tr\u00e8s sibylline: \u00a0\u00bb Tout ceci n&rsquo;est rien sans La Connaissance ! \u2028Oups !??? ..<\/p>\n<p>Les ann\u00e9es passant , .. je n&rsquo;ai jamais perdu de vue ni ces possibilit\u00e9s latentes, ni cette curieuse r\u00e9ponse re\u00e7ue ! Mais j&rsquo;ai d\u00fb alors faire face \u00e0 d&rsquo;autres soucis ; et notamment ceux li\u00e9s \u00e0 une carri\u00e8re professionnelle tr\u00e8s accaparante et \u00e9galement tr\u00e8s \u00e9nergivore, c&rsquo;est le moins que l&rsquo;on puisse dire !&#8230;<\/p>\n<p>Depuis que je suis \u00e0 la retraite je pense sans arr\u00eat \u00e0 ce \u00ab\u00a0magn\u00e9tisme\u00a0\u00bb me questionnant sans cesse, \u00e0 l&rsquo;occasion de diverses lectures (Cf Bibliographie) ou de quelques enseignements , sur le comment faire pour que cela puisse d\u00e9boucher sur quelque chose d&rsquo;utile aux autres et qui donne un peu plus de Sens \u00e0 ma vie d&rsquo;aujourd&rsquo;hui.. Et avec une question principale : Comment apporter du mieux-\u00eatre \u00e0 d&rsquo;autres sans connaissances m\u00e9dicales approfondies ?? car \u00ab\u00a0bon sang !\u00a0\u00bb j&rsquo;ai comme un don qui m&rsquo;a \u00e9t\u00e9 donn\u00e9 (ou pr\u00eat\u00e9?) pour le temps de cette vie et il devrait pouvoir s&rsquo;exprimer sans que j&rsquo;aie besoin de faire pr\u00e9alablement M\u00e9decine !!!..<\/p>\n<p>Il y a un an dans une grande librairie je tombe \u00ab\u00a0par hasard\u00a0\u00bb et imm\u00e9diatement sur un petit livre de Fran\u00e7ois Constanty (Cf Bibliographie) dont le sous-titre est \u00ab\u00a0le premier livre sur l&rsquo;Energie Cristalline\u00a0\u00bb avec un diamant dessin\u00e9 juste en dessous.\u00a0 Je me saisis aussit\u00f4t de l&rsquo;ouvrage en me disant seulement :\u00a0 \u00ab\u00a0Tiens, c&rsquo;est un petit livre traitant des cristaux ; c&rsquo;est pas trop long \u00e0 lire et cela peut\u00a0\u00a0 \u00eatre int\u00e9ressant ! ..\u00a0\u00bb \u00a0et je continue \u00e0 fureter dans les rayons.\u00a0\u00a0\u00a0A peine 10 minutes plus tard je me rends compte que le petit bouquin entre mes mains n&rsquo;est pas celui que je croyais et est capable de r\u00e9pondre \u00e0 tous mes questionnements ..\u2028car je d\u00e9couvre alors \u2028- qu&rsquo;Il existe une forme de magn\u00e9tisme moderne permettant de canaliser une nouvelle \u00e9nergie vers une personne\u2028- qu&rsquo;Il suffit (sans connaissances m\u00e9dicales particuli\u00e8res) d&rsquo;\u00eatre en position de \u00ab\u00a0canal\u00a0\u00bb de cette \u00e9nergie pour pouvoir apporter \u00e0 cette personne ce qu&rsquo;il lui faut (L&rsquo;Energie elle-m\u00eame sachant exactement ce dont elle peut avoir besoin!.. moi, pas n\u00e9cessairement !). \u2028Quelle belle d\u00e9couverte !\u2028et quelle paix enfin retrouv\u00e9e !<\/p>\n<p>Les 26 et 27 janvier 2019 j&rsquo;ai suivi \u00e0 Paris un stage de formation de Fran\u00e7ois Constanty intitul\u00e9 \u00ab\u00a0Devenir canal des nouvelles \u00e9nergies\u00a0\u00bb au bout duquel j&rsquo;ai \u00e9t\u00e9 habilit\u00e9 \u00e0 exercer une activit\u00e9 de \u00ab\u00a0praticien en \u00e9nergie cristalline\u00a0\u00bb. \u2028Et j&rsquo;en suis, l\u00e0 aussi, tr\u00e8s heureux !<\/p>\n<p>D&rsquo;autant plus que tout ceci m&rsquo;a permis de comprendre que la courte r\u00e9ponse que l&rsquo;on m&rsquo;avait donn\u00e9e autrefois avait du sens ..\u2028Car il ne faut pas confondre les connaissances avec La Connaissance.. Les premi\u00e8res \u00e9tant bien souvent th\u00e9oriques, \u2028La seconde , plus fondamentale me semble-t&rsquo;il, r\u00e9sultant de ce que nous croyons \u00eatre notre vraie place dans l&rsquo; Univers et de ce que nous pensons pouvoir partager avec d&rsquo;Autres pour le bien de tous.<br \/>\nAlors c&rsquo;est \u00e0 vous, comme \u00e0 ceux que que je recontrerai peut-\u00eatre tr\u00e8s bient\u00f4t, que j&rsquo;offre d&rsquo;ores et d\u00e9j\u00e0 toute ma Sinc\u00e9rit\u00e9 d&rsquo;aujourd&rsquo;hui ! \u2028A tout le temps !<\/p>\n<p>Bruno<br \/>\n(18\/07\/2019)[\/vc_column_text][\/vc_column][vc_column width=\u00a0\u00bb1\/6&Prime;][\/vc_column][\/vc_row]<\/p>\n","protected":false},"excerpt":{"rendered":"<p>[vc_row][vc_column][prkwp_spacer size=\u00a0\u00bb20&Prime;][\/vc_column][\/vc_row][vc_row][vc_column width=\u00a0\u00bb1\/6&Prime;][\/vc_column][vc_column width=\u00a0\u00bb2\/3&Prime;][vc_single_image image=\u00a0\u00bb50&Prime; img_size=\u00a0\u00bbfull\u00a0\u00bb alignment=\u00a0\u00bbcenter\u00a0\u00bb][\/vc_column][vc_column width=\u00a0\u00bb1\/6&Prime;][\/vc_column][\/vc_row][vc_row][vc_column][prkwp_spacer size=\u00a0\u00bb20&Prime;][\/vc_column][\/vc_row][vc_row][vc_column width=\u00a0\u00bb1\/6&Prime;][\/vc_column][vc_column width=\u00a0\u00bb2\/3&Prime;][vc_column_text]Je suis \u00e0 la retraite aujourd&rsquo;hui et heureux de l&rsquo;\u00eatre ! Cela fait aussi plus de 45 ans que j&rsquo;ai d\u00e9couvert, \u00e0 l&rsquo;appui de nombreux tests et de quelques exp\u00e9riences sur le terrain, que j&rsquo;avais quelques aptitudes ou facult\u00e9s r\u00e9elles en mati\u00e8re de \u00ab\u00a0magn\u00e9tisme\u00a0\u00bb !&hellip; <a class=\"more-link\" href=\"https:\/\/bruno-foucart.com\/index.php\/qui-suis-je\/\">Poursuivre la lecture <span class=\"screen-reader-text\">Qui suis-je ?<\/span><\/a><\/p>\n","protected":false},"author":1,"featured_media":0,"parent":0,"menu_order":0,"comment_status":"closed","ping_status":"closed","template":"","meta":{"footnotes":""},"class_list":["post-5","page","type-page","status-publish","hentry","entry"],"_links":{"self":[{"href":"https:\/\/bruno-foucart.com\/index.php\/wp-json\/wp\/v2\/pages\/5","targetHints":{"allow":["GET"]}}],"collection":[{"href":"https:\/\/bruno-foucart.com\/index.php\/wp-json\/wp\/v2\/pages"}],"about":[{"href":"https:\/\/bruno-foucart.com\/index.php\/wp-json\/wp\/v2\/types\/page"}],"author":[{"embeddable":true,"href":"https:\/\/bruno-foucart.com\/index.php\/wp-json\/wp\/v2\/users\/1"}],"replies":[{"embeddable":true,"href":"https:\/\/bruno-foucart.com\/index.php\/wp-json\/wp\/v2\/comments?post=5"}],"version-history":[{"count":13,"href":"https:\/\/bruno-foucart.com\/index.php\/wp-json\/wp\/v2\/pages\/5\/revisions"}],"predecessor-version":[{"id":45,"href":"https:\/\/bruno-foucart.com\/index.php\/wp-json\/wp\/v2\/pages\/5\/revisions\/45"}],"wp:attachment":[{"href":"https:\/\/bruno-foucart.com\/index.php\/wp-json\/wp\/v2\/media?parent=5"}],"curies":[{"name":"wp","href":"https:\/\/api.w.org\/{rel}","templated":true}]}}