{"id":19,"date":"2019-07-29T13:09:01","date_gmt":"2019-07-29T11:09:01","guid":{"rendered":"http:\/\/bruno-foucart.com\/?page_id=19"},"modified":"2019-07-29T16:25:51","modified_gmt":"2019-07-29T14:25:51","slug":"mentions-legales","status":"publish","type":"page","link":"https:\/\/bruno-foucart.com\/index.php\/mentions-legales\/","title":{"rendered":"Mentions l\u00e9gales"},"content":{"rendered":"<p>[vc_row][vc_column width=\u00a0\u00bb1\/6&Prime;][\/vc_column][vc_column width=\u00a0\u00bb2\/3&Prime;][vc_column_text]<\/p>\n<p style=\"text-align: center;\">Bruno Foucart<br \/>\n8 rue Charles de Gaulle 77720 Mormant<br \/>\n<a href=\"mailto:contact@bruno.foucart.com\" target=\"_blank\" rel=\"noopener noreferrer\">contact@bruno.foucart.com<\/a><br \/>\nt\u00e9l\u00e9phone : 06 19 78 77 67<br \/>\nSIRET : 849 970 348 00017<\/p>\n<div id=\"m_-4394540432349028928yui_3_16_0_1_1494919211736_48319\" dir=\"ltr\" style=\"text-align: center;\">H\u00e9bergeur : OVH<br \/>\n<span id=\"m_-4394540432349028928yui_3_16_0_1_1494919211736_49454\">2 rue Kellermann<br \/>\n59100 Roubaix<\/span><\/div>\n<div dir=\"ltr\" style=\"text-align: center;\"><span id=\"m_-4394540432349028928yui_3_16_0_1_1494919211736_49454\">France<\/span><\/div>\n<p>[\/vc_column_text][\/vc_column][vc_column width=\u00a0\u00bb1\/6&Prime;][\/vc_column][\/vc_row]<\/p>\n","protected":false},"excerpt":{"rendered":"<p>[vc_row][vc_column width=\u00a0\u00bb1\/6&Prime;][\/vc_column][vc_column width=\u00a0\u00bb2\/3&Prime;][vc_column_text] Bruno Foucart 8 rue Charles de Gaulle 77720 Mormant contact@bruno.foucart.com t\u00e9l\u00e9phone : 06 19 78 77 67 SIRET : 849 970 348 00017 H\u00e9bergeur : OVH 2 rue Kellermann 59100 Roubaix France [\/vc_column_text][\/vc_column][vc_column width=\u00a0\u00bb1\/6&Prime;][\/vc_column][\/vc_row]<\/p>\n","protected":false},"author":1,"featured_media":0,"parent":0,"menu_order":0,"comment_status":"closed","ping_status":"closed","template":"","meta":{"footnotes":""},"class_list":["post-19","page","type-page","status-publish","hentry","entry"],"_links":{"self":[{"href":"https:\/\/bruno-foucart.com\/index.php\/wp-json\/wp\/v2\/pages\/19","targetHints":{"allow":["GET"]}}],"collection":[{"href":"https:\/\/bruno-foucart.com\/index.php\/wp-json\/wp\/v2\/pages"}],"about":[{"href":"https:\/\/bruno-foucart.com\/index.php\/wp-json\/wp\/v2\/types\/page"}],"author":[{"embeddable":true,"href":"https:\/\/bruno-foucart.com\/index.php\/wp-json\/wp\/v2\/users\/1"}],"replies":[{"embeddable":true,"href":"https:\/\/bruno-foucart.com\/index.php\/wp-json\/wp\/v2\/comments?post=19"}],"version-history":[{"count":4,"href":"https:\/\/bruno-foucart.com\/index.php\/wp-json\/wp\/v2\/pages\/19\/revisions"}],"predecessor-version":[{"id":69,"href":"https:\/\/bruno-foucart.com\/index.php\/wp-json\/wp\/v2\/pages\/19\/revisions\/69"}],"wp:attachment":[{"href":"https:\/\/bruno-foucart.com\/index.php\/wp-json\/wp\/v2\/media?parent=19"}],"curies":[{"name":"wp","href":"https:\/\/api.w.org\/{rel}","templated":true}]}}