{"id":15,"date":"2019-07-29T13:08:16","date_gmt":"2019-07-29T11:08:16","guid":{"rendered":"http:\/\/bruno-foucart.com\/?page_id=15"},"modified":"2019-08-06T18:38:35","modified_gmt":"2019-08-06T16:38:35","slug":"services","status":"publish","type":"page","link":"https:\/\/bruno-foucart.com\/index.php\/services\/","title":{"rendered":"Services"},"content":{"rendered":"<p>[vc_row][vc_column width=\u00a0\u00bb1\/6&Prime;][\/vc_column][vc_column width=\u00a0\u00bb2\/3&Prime;][vc_column_text]Toujours sur Rendez-vous pr\u00e9alable<\/p>\n<p><strong>A mon cabinet de Mormant<\/strong><br \/>\n40 \u20ac (*) la s\u00e9ance d&rsquo;\u00e9nergie cristalline en direct d&rsquo;une dur\u00e9e de 30 \u00e0 40 minutes je dispose sur place d&rsquo;une table de massage sur laquelle vous devriez pouvoir vous installer confortablement . ( pour vos plannings compter environ 1h \u00e0 1h 1\/4 sur place, svp )<\/p>\n<p><strong>A votre domicile<\/strong><br \/>\n50 \u20ac (*) la s\u00e9ance en direct dans les m\u00eames conditions que ci-dessus \u00e0 condition toutefois :<br \/>\n&#8211; que vous habitiez dans un rayon maximum 30 kms de chez moi. Au del\u00e0, je pourrais vous demander une petite somme compl\u00e9mentaire minime en fonction de la distance suppl\u00e9mentaire.<br \/>\n&#8211; que vous puissiez me recevoir dans des conditions favorables &#8211; autant pour vous que pour moi &#8211; \u00e0 une bonne s\u00e9ance ! J&rsquo;entend par l\u00e0 que vous puissiez profiter chez vous d&rsquo;un endroit absolument tranquille pendant 1h environ. Et que vous puissiez disposer \u00e9galement d&rsquo;un canap\u00e9 ou d&rsquo;un lit o\u00f9 pouvoir vous allonger. Voire m\u00eame d&rsquo;un simple bon fauteuil qui pourra aussi convenir si vous vous y sentez bien (cela est tr\u00e8s important !!).<\/p>\n<p><strong>Que ce soit \u00e0 mon domicile comme chez vous :<\/strong><br \/>\n&#8211; vous restez habill\u00e9(e) pendant toute la s\u00e9ance et je ne vous touche \u00e0 aucun instant. ( si j&rsquo;avais besoin de vous toucher par exemple la t\u00eate avec mes doigts pour l&rsquo;application d&rsquo;une technique particuli\u00e8re qui pourrait s&rsquo;av\u00e9rer n\u00e9cessaire ou utile, ce ne serait jamais sans vous en avoir pr\u00e9venu \u00e0 l&rsquo;avance ! ).<\/p>\n<p><strong>Il existe une autre formule :<\/strong><br \/>\nLa S\u00e9ance \u00e0 distance : la m\u00eame chose, mais \u00e0 distance ! o\u00f9 que vous soyez ! 20 \u20ac (*) pour une s\u00e9ance de 30 \u00e0 35 minutes.<\/p>\n<p>JE NE PEUX MALHEUREUSEMENT PAS VOUS LAISSER LA LIBERTE DE CHOISIR PAR VOUS-M\u00caME CETTE FORMULE COMME ETANT LA FORMULE HABITUELLE A ADOPTER.<\/p>\n<p>Je veux d&rsquo;abord privil\u00e9gier notre rencontre soit dans mon cabinet soit chez vous.<\/p>\n<p>JE ME RESERVE DONC PERSONNELLEMENT LE CHOIX DE CETTE FORMULE &lsquo;A DISTANCE&rsquo; ET LE FAIT D&rsquo;AVOIR A VOUS LA PROPOSER LE CAS ECHEANT, SI ET SEULEMENT SI VOTRE ETAT ET\/OU LA SITUATION L&rsquo;EXIGENT.<\/p>\n<p>Par exemple si je dois vous suivre r\u00e9guli\u00e8rement et que j&rsquo;en suis emp\u00each\u00e9 malgr\u00e9 moi, loin de vous. Nous aurons \u00e9videmment parl\u00e9 ensemble, et auparavant, de la conduite \u00e0 tenir dans de telles situations.<\/p>\n<p>(*) toutes les sommes indiqu\u00e9es plus haut ne sont pas soumises \u00e0 la TVA ( TVA non applicable, article 293 B du Code g\u00e9n\u00e9ral des imp\u00f4ts. )<\/p>\n<p>Moyens de paiement accept\u00e9s :<br \/>\nEsp\u00e8ces, Ch\u00e8ques,<br \/>\nCartes Bancaires (CB), Mastercard, Visa, American Express<br \/>\navec ou sans contact.<br \/>\nIl vous sera toujours d\u00e9livr\u00e9 sur place un re\u00e7u ou une trace de paiement.<br \/>\nEtabli ce 01\/08\/2019<br \/>\nBruno Foucart Energ\u00e9ticien<br \/>\n77720 Mormant<br \/>\nSIRET : 849 970 348 00017<\/p>\n<p>[\/vc_column_text][\/vc_column][vc_column width=\u00a0\u00bb1\/6&Prime;][\/vc_column][\/vc_row]<\/p>\n","protected":false},"excerpt":{"rendered":"<p>[vc_row][vc_column width=\u00a0\u00bb1\/6&Prime;][\/vc_column][vc_column width=\u00a0\u00bb2\/3&Prime;][vc_column_text]Toujours sur Rendez-vous pr\u00e9alable A mon cabinet de Mormant 40 \u20ac (*) la s\u00e9ance d&rsquo;\u00e9nergie cristalline en direct d&rsquo;une dur\u00e9e de 30 \u00e0 40 minutes je dispose sur place d&rsquo;une table de massage sur laquelle vous devriez pouvoir vous installer confortablement . ( pour vos plannings compter environ 1h \u00e0 1h 1\/4 sur&hellip; <a class=\"more-link\" href=\"https:\/\/bruno-foucart.com\/index.php\/services\/\">Poursuivre la lecture <span class=\"screen-reader-text\">Services<\/span><\/a><\/p>\n","protected":false},"author":1,"featured_media":0,"parent":0,"menu_order":0,"comment_status":"closed","ping_status":"closed","template":"","meta":{"footnotes":""},"class_list":["post-15","page","type-page","status-publish","hentry","entry"],"_links":{"self":[{"href":"https:\/\/bruno-foucart.com\/index.php\/wp-json\/wp\/v2\/pages\/15","targetHints":{"allow":["GET"]}}],"collection":[{"href":"https:\/\/bruno-foucart.com\/index.php\/wp-json\/wp\/v2\/pages"}],"about":[{"href":"https:\/\/bruno-foucart.com\/index.php\/wp-json\/wp\/v2\/types\/page"}],"author":[{"embeddable":true,"href":"https:\/\/bruno-foucart.com\/index.php\/wp-json\/wp\/v2\/users\/1"}],"replies":[{"embeddable":true,"href":"https:\/\/bruno-foucart.com\/index.php\/wp-json\/wp\/v2\/comments?post=15"}],"version-history":[{"count":4,"href":"https:\/\/bruno-foucart.com\/index.php\/wp-json\/wp\/v2\/pages\/15\/revisions"}],"predecessor-version":[{"id":84,"href":"https:\/\/bruno-foucart.com\/index.php\/wp-json\/wp\/v2\/pages\/15\/revisions\/84"}],"wp:attachment":[{"href":"https:\/\/bruno-foucart.com\/index.php\/wp-json\/wp\/v2\/media?parent=15"}],"curies":[{"name":"wp","href":"https:\/\/api.w.org\/{rel}","templated":true}]}}